{"id":602,"date":"2020-03-24T17:05:22","date_gmt":"2020-03-24T16:05:22","guid":{"rendered":"https:\/\/visbyravhagen.se\/privacy-policy\/"},"modified":"2020-03-24T17:05:23","modified_gmt":"2020-03-24T16:05:23","slug":"privacy-policy","status":"publish","type":"page","link":"https:\/\/visbyravhagen.se\/en\/privacy-policy\/","title":{"rendered":"Privacy Policy"},"content":{"rendered":"<div id='av_section_1'  class='avia-section av-k69d2yzi-4abfaf81fc3eb2b7b5ffaa40ccbb39f1 main_color avia-section-large avia-no-border-styling  avia-builder-el-0  avia-builder-el-no-sibling  avia-bg-style-scroll container_wrap sidebar_right'  ><div class='container av-section-cont-open' ><main  role=\"main\" itemprop=\"mainContentOfPage\"  class='template-page content  av-content-small alpha units'><div class='post-entry post-entry-type-page post-entry-602'><div class='entry-content-wrapper clearfix'>\n\n<style type=\"text\/css\" data-created_by=\"avia_inline_auto\" id=\"style-css-av-k6bxzg2z-2eb65a3aac0692a0d04d33c13355e4ba\">\n.flex_column.av-k6bxzg2z-2eb65a3aac0692a0d04d33c13355e4ba{\n-webkit-border-radius:0px 0px 0px 0px;\n-moz-border-radius:0px 0px 0px 0px;\nborder-radius:0px 0px 0px 0px;\npadding:0 0 0 0;\n}\n<\/style>\n<div class='flex_column av-k6bxzg2z-2eb65a3aac0692a0d04d33c13355e4ba av_one_half  avia-builder-el-1  el_before_av_one_half  avia-builder-el-first  first flex_column_div av-zero-column-padding '     ><section  class='av_textblock_section av-k69e5kk6-5c8accf939fed7396cf798161c623a69'  itemscope=\"itemscope\" itemtype=\"https:\/\/schema.org\/CreativeWork\" ><div class='avia_textblock'  itemprop=\"text\" ><h2>Privacy Policy<\/h2>\n<p><a href=\"https:\/\/eur-lex.europa.eu\/legal-content\/SV\/TXT\/?uri=celex:32016R0679\" target=\"_blank\" rel=\"noopener noreferrer\">The Data Protection Regulation (EU) 2016\/679<\/a>, also called GDPR, regulates how authorities, companies and organizations process personal data. The regulation aims, inter alia, at to protect your personal information so that it is not used for any purpose other than that for which you provided it.<\/p>\n<p>Personal data includes all kinds of information that can be associated with a living physical person, for example<\/p>\n<ul>\n<li>social security number<\/li>\n<li>name<\/li>\n<li>address<\/li>\n<li>photos<\/li>\n<li>identifications online<\/li>\n<\/ul>\n<p>Information such as IP numbers, if combined with other information together, can also constitute a personal data.<\/p>\n<p><strong>Processing<\/strong> of personal data includes all handling of personal data, such as collection, registration and storage.<\/p>\n<p><strong>The data controller<\/strong> is the person who alone or together with others determines the purposes and means for the processing of personal data.<\/p>\n<\/div><\/section><\/div>\n<style type=\"text\/css\" data-created_by=\"avia_inline_auto\" id=\"style-css-av-k6bxzg2z-3d6c5a285215c079e2e5c019d7715bc2\">\n.flex_column.av-k6bxzg2z-3d6c5a285215c079e2e5c019d7715bc2{\n-webkit-border-radius:0px 0px 0px 0px;\n-moz-border-radius:0px 0px 0px 0px;\nborder-radius:0px 0px 0px 0px;\npadding:0 0 0 0;\n}\n<\/style>\n<div class='flex_column av-k6bxzg2z-3d6c5a285215c079e2e5c019d7715bc2 av_one_half  avia-builder-el-3  el_after_av_one_half  el_before_av_one_half  flex_column_div av-zero-column-padding '     ><section  class='av_textblock_section av-k69e5kk6-5c8accf939fed7396cf798161c623a69'  itemscope=\"itemscope\" itemtype=\"https:\/\/schema.org\/CreativeWork\" ><div class='avia_textblock'  itemprop=\"text\" ><h2>Use of cookies<\/h2>\n<p>Cookies are a small text file consisting of letters and numbers that are sent from our web server and stored on your browser or device. Such may consist of so-called:<\/p>\n<ul>\n<li><strong>Session cookies<\/strong> (a temporary cookie that expires when you close your browser or device).<\/li>\n<li><strong>Durable cookies<\/strong> (cookies that remain on your computer until you remove them or they expire).<\/li>\n<li><strong>First-party cookies<\/strong> (cookies set by the website you visit).<\/li>\n<li><strong>Third-party cookies<\/strong> (cookies set by a third-party site) These are used for statistics and analyzes, e.g. Google Analytics.<\/li>\n<\/ul>\n<p>You can control the use and extent of cookies by changing the settings in your own browser, for example by blocking all cookies, only accepting first-party cookies or deleting cookies when you close your browser. However, be aware that such settings may cause some web pages to not work fully.<\/p>\n<\/div><\/section><\/div>\n<style type=\"text\/css\" data-created_by=\"avia_inline_auto\" id=\"style-css-av-k6bxzg2z-2eb65a3aac0692a0d04d33c13355e4ba\">\n.flex_column.av-k6bxzg2z-2eb65a3aac0692a0d04d33c13355e4ba{\n-webkit-border-radius:0px 0px 0px 0px;\n-moz-border-radius:0px 0px 0px 0px;\nborder-radius:0px 0px 0px 0px;\npadding:0 0 0 0;\n}\n<\/style>\n<div class='flex_column av-k6bxzg2z-2eb65a3aac0692a0d04d33c13355e4ba av_one_half  avia-builder-el-5  el_after_av_one_half  el_before_av_one_half  first flex_column_div av-zero-column-padding column-top-margin'     ><section  class='av_textblock_section av-k69e5kk6-5c8accf939fed7396cf798161c623a69'  itemscope=\"itemscope\" itemtype=\"https:\/\/schema.org\/CreativeWork\" ><div class='avia_textblock'  itemprop=\"text\" ><h2>Collection and processing of personal data<\/h2>\n<p>Aktiebolaget R\u00e4vhagen 556256-1166 is responsible for personal data for the processing of personal data described below.<\/p>\n<p><strong>What personal information do we collect and when?<\/strong><\/p>\n<p>Personal and contact information, such as name, email address, telephone number and online ID <strong>that you provide to us<\/strong>, for example when you submit a question or comments using the contact form or submit an event for publication in the Event Calendar. Even in other contexts such as when you attend a meeting or event, sign up for event lists and news releases, or interact with us on social media, we may collect such personal and contact information.<\/p>\n<p>We may actively collect <strong>personal and contact information<\/strong> about you, for example if you work as a contact person at a company or are a public person, journalist or similar.<\/p>\n<p>As <strong>visitors to our site<\/strong>, we may collect information about how you interact with and use our web pages and technical device information, such as IP address, language settings, browser settings, time zone, operating system, platform and screen resolution.<\/p>\n<p><strong>How long do we store your personal data?<\/strong><br \/>\nWe will never store your personal data for longer than is necessary for their respective purposes or for what is necessary for other legitimate interests. The data collected may be stored for quality assurance purposes for a maximum period of two years.<\/p>\n<p><strong>What rights do you have registered?<\/strong><\/p>\n<p><em><strong>Right to access (register extract)<\/strong><\/em>. You have the right to access the information we are processing about you and may request a copy thereof.<\/p>\n<p><em><strong>Right to correction.<\/strong><\/em> You have the right to correct inaccurate or incomplete information about you within the purpose for which they are being processed.<\/p>\n<p><em><strong>Right to erase (&#8220;the right to be forgotten&#8221;)<\/strong><\/em>. You have the right to request that we delete the personal data we process.<\/p>\n<p><em><strong>Right of restriction.<\/strong><\/em> In some circumstances, you may be entitled to request that our processing of your personal data be restricted. For example, if you were to question whether the information is accurate or whether we no longer need it for our purposes, but you need it to be able to establish, enforce or defend legal claims. This means that you can request that we not delete your information.<\/p>\n<p>In some, you may have direct access to the stored data, e.g. as part of an event posted on the site. If in other cases you want to know what personal data is stored on your behalf or if you want to change or delete the information, contact the data controller via info@resestugan.se.<\/p>\n<\/div><\/section><\/div>\n<style type=\"text\/css\" data-created_by=\"avia_inline_auto\" id=\"style-css-av-k6bxzg2z-3d6c5a285215c079e2e5c019d7715bc2\">\n.flex_column.av-k6bxzg2z-3d6c5a285215c079e2e5c019d7715bc2{\n-webkit-border-radius:0px 0px 0px 0px;\n-moz-border-radius:0px 0px 0px 0px;\nborder-radius:0px 0px 0px 0px;\npadding:0 0 0 0;\n}\n<\/style>\n<div class='flex_column av-k6bxzg2z-3d6c5a285215c079e2e5c019d7715bc2 av_one_half  avia-builder-el-7  el_after_av_one_half  avia-builder-el-last  flex_column_div av-zero-column-padding column-top-margin'     ><section  class='av_textblock_section av-k69e5kk6-5c8accf939fed7396cf798161c623a69'  itemscope=\"itemscope\" itemtype=\"https:\/\/schema.org\/CreativeWork\" ><div class='avia_textblock'  itemprop=\"text\" ><h2>Contact, questions and more information<\/h2>\n<p>If you have any questions related to how we process your personal data, you are welcome to contact us: info@resestugan.se. You can contact us at any time to request correction, deletion or restriction of your personal data or to request extracts from your personal data.<\/p>\n<p>The Data Inspectorate is the supervisory authority responsible for monitoring the application of privacy law. If you believe that we are handling personal data incorrectly, you can file a complaint with them.<\/p>\n<p class=\"normal\">Postal address: Box 8114, 104 20 Stockholm<a href=\"mailto:datainspektionen@datainspektionen.se\"><br \/>\n<\/a>Phone: 08-657 61 00<br \/>\nE-mail:\u00a0<a href=\"mailto:datainspektionen@datainspektionen.se\">datainspektionen@datainspektionen.se<\/a><\/p>\n<p class=\"normal\">More information is also available on <a title=\"l\u00e4nk till annan webbplats, \u00f6ppnas i nytt f\u00f6nster\" href=\"https:\/\/www.datainspektionen.se\/dataskyddsreformen\/dataskyddsforordningen\/\" target=\"_blank\" rel=\"external noopener noreferrer\">The Swedish Data Inspectorate&#8217;s website<\/a><\/p>\n<\/div><\/section><\/div><\/div><\/div><\/main><!-- close content main element --><\/div><div class='av-extra-border-element border-extra-diagonal  '><div class='av-extra-border-outer'><div class='av-extra-border-inner'><\/div><\/div><\/div><\/div><div id='after_section_1'  class='main_color av_default_container_wrap container_wrap sidebar_right'  ><div class='container av-section-cont-open' ><div class='template-page content  av-content-small alpha units'><div class='post-entry post-entry-type-page post-entry-602'><div class='entry-content-wrapper clearfix'>\n","protected":false},"excerpt":{"rendered":"","protected":false},"author":2,"featured_media":0,"parent":0,"menu_order":0,"comment_status":"closed","ping_status":"closed","template":"","meta":[],"_links":{"self":[{"href":"https:\/\/visbyravhagen.se\/en\/wp-json\/wp\/v2\/pages\/602"}],"collection":[{"href":"https:\/\/visbyravhagen.se\/en\/wp-json\/wp\/v2\/pages"}],"about":[{"href":"https:\/\/visbyravhagen.se\/en\/wp-json\/wp\/v2\/types\/page"}],"author":[{"embeddable":true,"href":"https:\/\/visbyravhagen.se\/en\/wp-json\/wp\/v2\/users\/2"}],"replies":[{"embeddable":true,"href":"https:\/\/visbyravhagen.se\/en\/wp-json\/wp\/v2\/comments?post=602"}],"version-history":[{"count":1,"href":"https:\/\/visbyravhagen.se\/en\/wp-json\/wp\/v2\/pages\/602\/revisions"}],"predecessor-version":[{"id":603,"href":"https:\/\/visbyravhagen.se\/en\/wp-json\/wp\/v2\/pages\/602\/revisions\/603"}],"wp:attachment":[{"href":"https:\/\/visbyravhagen.se\/en\/wp-json\/wp\/v2\/media?parent=602"}],"curies":[{"name":"wp","href":"https:\/\/api.w.org\/{rel}","templated":true}]}}